{"id":693,"date":"2021-10-10T08:52:54","date_gmt":"2021-10-10T08:52:54","guid":{"rendered":"https:\/\/deine-physio-in-mockau.de\/?page_id=693"},"modified":"2023-01-17T07:44:50","modified_gmt":"2023-01-17T07:44:50","slug":"kontakt-fragen","status":"publish","type":"page","link":"https:\/\/deine-physio-in-mockau.de\/?page_id=693","title":{"rendered":"Kontakt"},"content":{"rendered":"<p>[et_pb_section fb_built=&#8220;1&#8243; _builder_version=&#8220;4.16&#8243; custom_padding=&#8220;11px|||||&#8220; global_colors_info=&#8220;{}&#8220; theme_builder_area=&#8220;post_content&#8220;][et_pb_row column_structure=&#8220;1_2,1_2&#8243; _builder_version=&#8220;4.19.4&#8243; width=&#8220;100%&#8220; custom_padding=&#8220;4px|0px|24.7667px|0px|false|false&#8220; hover_enabled=&#8220;0&#8243; global_colors_info=&#8220;{}&#8220; theme_builder_area=&#8220;post_content&#8220; sticky_enabled=&#8220;0&#8243;][et_pb_column type=&#8220;1_2&#8243; _builder_version=&#8220;4.19.4&#8243; background_color=&#8220;#ffffff&#8220; transform_scale_last_edited=&#8220;off|desktop&#8220; transform_translate_last_edited=&#8220;off|desktop&#8220; transform_rotate_last_edited=&#8220;off|desktop&#8220; transform_skew_last_edited=&#8220;off|desktop&#8220; transform_origin_last_edited=&#8220;off|desktop&#8220; transform_styles_last_edited=&#8220;off|desktop&#8220; custom_padding=&#8220;|||&#8220; animation_style=&#8220;fade&#8220; animation_delay=&#8220;50ms&#8220; hover_enabled=&#8220;0&#8243; custom_padding__hover=&#8220;|||&#8220; transform_styles__hover_enabled=&#8220;on|hover&#8220; transform_scale__hover_enabled=&#8220;on|hover&#8220; transform_translate__hover_enabled=&#8220;on|desktop&#8220; transform_rotate__hover_enabled=&#8220;on|desktop&#8220; transform_skew__hover_enabled=&#8220;on|desktop&#8220; transform_origin__hover_enabled=&#8220;on|desktop&#8220; transform_scale__hover=&#8220;100%|100%&#8220; theme_builder_area=&#8220;post_content&#8220; global_colors_info=&#8220;{%22gcid-1c3d900e-23c0-4c26-8324-c8050c3cb4c4%22:%91%22header_text_color%22,%22header_text_color%22,%22header_2_text_color%22,%22border_color_top%22%93,%22gcid-9c09e9ba-59d0-4141-afac-fb881968d518%22:%91%22header_2_text_color%22,%22header_2_text_color%22%93}&#8220; box_shadow_style=&#8220;preset1&#8243; sticky_enabled=&#8220;0&#8243; border_radii=&#8220;on|5px|5px|5px|5px&#8220;][et_pb_text admin_label=&#8220;Rufen Sie uns an:&#8220; _builder_version=&#8220;4.19.4&#8243; _module_preset=&#8220;default&#8220; link_font=&#8220;|600|||||||&#8220; link_text_color=&#8220;#000000&#8243; link_font_size=&#8220;27px&#8220; custom_padding=&#8220;30px|20px|30px|20px|true|true&#8220; hover_enabled=&#8220;0&#8243; link_font_size_tablet=&#8220;27px&#8220; link_font_size_phone=&#8220;22px&#8220; link_font_size_last_edited=&#8220;on|phone&#8220; border_width_top=&#8220;6px&#8220; border_color_top=&#8220;gcid-1c3d900e-23c0-4c26-8324-c8050c3cb4c4&#8243; global_colors_info=&#8220;{%22gcid-1c3d900e-23c0-4c26-8324-c8050c3cb4c4%22:%91%22header_text_color%22,%22header_text_color%22,%22header_2_text_color%22,%22border_color_top%22%93,%22gcid-9c09e9ba-59d0-4141-afac-fb881968d518%22:%91%22header_2_text_color%22,%22header_2_text_color%22%93}&#8220; theme_builder_area=&#8220;post_content&#8220; sticky_enabled=&#8220;0&#8243;]<\/p>\n<h2>Rufen Sie uns an:<\/h2>\n<a href=\"tel:+493416010043\">0341 60 100 43<\/a>\n<p>[\/et_pb_text][et_pb_text admin_label=&#8220;Zeiten&#8220; _builder_version=&#8220;4.19.4&#8243; _module_preset=&#8220;default&#8220; link_font=&#8220;|600|||||||&#8220; link_text_color=&#8220;#000000&#8243; link_font_size=&#8220;27px&#8220; custom_padding=&#8220;30px|20px|30px|20px|true|true&#8220; hover_enabled=&#8220;0&#8243; link_font_size_tablet=&#8220;27px&#8220; link_font_size_phone=&#8220;22px&#8220; link_font_size_last_edited=&#8220;on|phone&#8220; border_width_top=&#8220;6px&#8220; border_color_top=&#8220;gcid-1c3d900e-23c0-4c26-8324-c8050c3cb4c4&#8243; global_colors_info=&#8220;{%22gcid-1c3d900e-23c0-4c26-8324-c8050c3cb4c4%22:%91%22header_text_color%22,%22header_text_color%22,%22header_2_text_color%22,%22border_color_top%22%93,%22gcid-9c09e9ba-59d0-4141-afac-fb881968d518%22:%91%22header_2_text_color%22,%22header_2_text_color%22%93}&#8220; theme_builder_area=&#8220;post_content&#8220; sticky_enabled=&#8220;0&#8243; text_text_color=&#8220;#000000&#8243;]<\/p>\n<h2>\u00d6ffnungszeiten<\/h2>\n<p>&nbsp;<\/p>\n<table style=\"width: 100%;border-collapse: collapse\">\n<thead>\n<tr>\n<th style=\"text-align: left;padding: 8px;border-bottom: 1px solid #ccc\">Tag<\/th>\n<th style=\"text-align: left;padding: 8px;border-bottom: 1px solid #ccc\">\u00d6ffnungszeiten<\/th>\n<\/tr>\n<\/thead>\n<tbody>\n<tr>\n<td style=\"padding: 8px\">Montag<\/td>\n<td style=\"padding: 8px\">08:00 \u2013 13:30 Uhr<\/td>\n<\/tr>\n<tr>\n<td style=\"padding: 8px\">Dienstag<\/td>\n<td style=\"padding: 8px\">08:00 \u2013 13:00 Uhr &amp; 14:00 \u2013 19:00 Uhr<\/td>\n<\/tr>\n<tr>\n<td style=\"padding: 8px\">Mittwoch<\/td>\n<td style=\"padding: 8px\">08:00 \u2013 13:30 Uhr<\/td>\n<\/tr>\n<tr>\n<td style=\"padding: 8px\">Donnerstag<\/td>\n<td style=\"padding: 8px\">08:00 \u2013 13:00 Uhr &amp; 14:00 \u2013 19:00 Uhr<\/td>\n<\/tr>\n<tr>\n<td style=\"padding: 8px\">Freitag<\/td>\n<td style=\"padding: 8px\">08:00 \u2013 12:00 Uhr<\/td>\n<\/tr>\n<tr>\n<td style=\"padding: 8px\"><\/td>\n<td style=\"padding: 8px\"><em>+ nach Vereinbarung<\/em><\/td>\n<\/tr>\n<\/tbody>\n<\/table>\n\n<p>[\/et_pb_text][et_pb_text admin_label=&#8220;Adresse&#8220; _builder_version=&#8220;4.19.4&#8243; _module_preset=&#8220;default&#8220; link_font=&#8220;|600|||||||&#8220; link_text_color=&#8220;#000000&#8243; link_font_size=&#8220;27px&#8220; custom_padding=&#8220;30px|20px|30px|20px|true|true&#8220; hover_enabled=&#8220;0&#8243; link_font_size_tablet=&#8220;27px&#8220; link_font_size_phone=&#8220;22px&#8220; link_font_size_last_edited=&#8220;on|phone&#8220; border_width_top=&#8220;6px&#8220; border_color_top=&#8220;gcid-1c3d900e-23c0-4c26-8324-c8050c3cb4c4&#8243; global_colors_info=&#8220;{%22gcid-1c3d900e-23c0-4c26-8324-c8050c3cb4c4%22:%91%22header_text_color%22,%22header_text_color%22,%22header_2_text_color%22,%22border_color_top%22%93,%22gcid-9c09e9ba-59d0-4141-afac-fb881968d518%22:%91%22header_2_text_color%22,%22header_2_text_color%22%93}&#8220; theme_builder_area=&#8220;post_content&#8220; sticky_enabled=&#8220;0&#8243; text_text_color=&#8220;#000000&#8243;]<\/p>\n<h2>Praxisadresse<\/h2>\nMockauer Str. 51<br>04357 Leipzig\n<p>[\/et_pb_text][\/et_pb_column][et_pb_column type=&#8220;1_2&#8243; _builder_version=&#8220;4.19.4&#8243; background_color=&#8220;#ffffff&#8220; transform_scale_last_edited=&#8220;off|desktop&#8220; transform_translate_last_edited=&#8220;off|desktop&#8220; transform_rotate_last_edited=&#8220;off|desktop&#8220; transform_skew_last_edited=&#8220;off|desktop&#8220; transform_origin_last_edited=&#8220;off|desktop&#8220; transform_styles_last_edited=&#8220;off|desktop&#8220; custom_padding=&#8220;|||&#8220; animation_style=&#8220;fade&#8220; animation_delay=&#8220;50ms&#8220; hover_enabled=&#8220;0&#8243; custom_padding__hover=&#8220;|||&#8220; transform_styles__hover_enabled=&#8220;on|hover&#8220; transform_scale__hover_enabled=&#8220;on|hover&#8220; transform_translate__hover_enabled=&#8220;on|desktop&#8220; transform_rotate__hover_enabled=&#8220;on|desktop&#8220; transform_skew__hover_enabled=&#8220;on|desktop&#8220; transform_origin__hover_enabled=&#8220;on|desktop&#8220; transform_scale__hover=&#8220;100%|100%&#8220; theme_builder_area=&#8220;post_content&#8220; global_colors_info=&#8220;{%22gcid-1c3d900e-23c0-4c26-8324-c8050c3cb4c4%22:%91%22header_text_color%22,%22header_text_color%22,%22header_2_text_color%22,%22border_color_top%22%93,%22gcid-9c09e9ba-59d0-4141-afac-fb881968d518%22:%91%22header_2_text_color%22,%22header_2_text_color%22%93}&#8220; box_shadow_style=&#8220;preset1&#8243; sticky_enabled=&#8220;0&#8243; border_radii=&#8220;on|5px|5px|5px|5px&#8220;][et_pb_text admin_label=&#8220;Schreiben Sie uns&#8220; _builder_version=&#8220;4.19.4&#8243; _module_preset=&#8220;default&#8220; custom_padding=&#8220;30px|20px|3px|20px|false|true&#8220; hover_enabled=&#8220;0&#8243; border_width_top=&#8220;6px&#8220; border_color_top=&#8220;gcid-1c3d900e-23c0-4c26-8324-c8050c3cb4c4&#8243; global_colors_info=&#8220;{%22gcid-1c3d900e-23c0-4c26-8324-c8050c3cb4c4%22:%91%22header_2_text_color%22,%22border_color_top%22%93}&#8220; theme_builder_area=&#8220;post_content&#8220; sticky_enabled=&#8220;0&#8243;]<\/p>\n<h2>Schreiben Sie uns:<\/h2>\n<p>[\/et_pb_text][et_pb_contact_form captcha=&#8220;off&#8220; email=&#8220;praxis@deine-physio-in-mockau.de&#8220; custom_message=&#8220;Es gibt eine neue Anfrage. Die folgenden Informationen wurden verschickt:||et_pb_line_break_holder||||et_pb_line_break_holder||Anrede: %%Anrede%%||et_pb_line_break_holder||Vorname: %%Vorname%%||et_pb_line_break_holder||Nachname: %%Nachname%%||et_pb_line_break_holder||E-Mail: %%E-Mail%%||et_pb_line_break_holder||Telefon:%%Telefon%%||et_pb_line_break_holder||Anliegen: %%Anliegen%%||et_pb_line_break_holder||Datenschutz: best\u00e4tigt&#8220; _builder_version=&#8220;4.19.4&#8243; _module_preset=&#8220;default&#8220; _unique_id=&#8220;299899bf-4b9b-455d-ada2-11c701ef05c7&#8243; form_field_background_color=&#8220;#FFFFFF&#8220; form_field_text_color=&#8220;#000000&#8243; custom_button=&#8220;on&#8220; button_text_color=&#8220;#FFFFFF&#8220; button_bg_color=&#8220;gcid-1c3d900e-23c0-4c26-8324-c8050c3cb4c4&#8243; button_border_width=&#8220;0px&#8220; button_border_radius=&#8220;5px&#8220; custom_padding=&#8220;0px|20px|20px|20px|false|true&#8220; hover_enabled=&#8220;0&#8243; admin_email_subject=&#8220;Neue Anfrage \u00fcber die Webseite&#8220; use_confirmation_email=&#8220;on&#8220; confirmation_email_subject=&#8220;Ihre Anfrage an Deine Physio in Mockau&#8220; confirmation_email_from_name=&#8220;Deine Physio in Mockau&#8220; confirmation_email_from=&#8220;praxis@deine-physio-in-mockau.de&#8220; confirmation_email_message=&#8220;Sehr geehrte\/r %%anrede%% %%Vorname%% %%Nachname%%,<\/p>\n<p>vielen Dank f\u00fcr Ihre Anfrage. Folgende Daten wurden \u00fcbermittelt:<\/p>\n<p>Anrede: %%Anrede%%<br \/>\nVorname: %%Vorname%%<br \/>\nNachname: %%Nachname%%<br \/>\nE-Mail: %%E-Mail%%<br \/>\nTelefon:%%Telefon%%<br \/>\nAnliegen: %%Anliegen%%<br \/>\nDatenschutz: best\u00e4tigt<\/p>\n<p>Wir werden uns zeitnah bei Ihnen zur\u00fcckmelden.<\/p>\n<p>Beste Gr\u00fc\u00dfe<br \/>\nDeine Physio in Mockau<br \/>\n&#8220; border_radii=&#8220;on|4px|4px|4px|4px&#8220; border_width_all=&#8220;1px&#8220; border_color_all=&#8220;#8F8D8D&#8220; global_colors_info=&#8220;{%22gcid-1c3d900e-23c0-4c26-8324-c8050c3cb4c4%22:%91%22button_bg_color%22%93}&#8220; theme_builder_area=&#8220;post_content&#8220; sticky_enabled=&#8220;0&#8243; custom_margin=&#8220;0px||0px||true|false&#8220;][et_pb_contact_field field_id=&#8220;Anrede&#8220; field_title=&#8220;Anrede&#8220; field_type=&#8220;radio&#8220; radio_options=&#8220;%91{%22value%22:%22Frau%22,%22checked%22:0,%22dragID%22:-1},{%22value%22:%22Herr%22,%22checked%22:0,%22dragID%22:0}%93&#8243; fullwidth_field=&#8220;on&#8220; _builder_version=&#8220;4.19.4&#8243; _module_preset=&#8220;default&#8220; global_colors_info=&#8220;{}&#8220; theme_builder_area=&#8220;post_content&#8220;][\/et_pb_contact_field][et_pb_contact_field field_id=&#8220;Vorname&#8220; field_title=&#8220;Vorname&#8220; _builder_version=&#8220;4.18.0&#8243; global_colors_info=&#8220;{}&#8220; button_text_size__hover_enabled=&#8220;off&#8220; button_one_text_size__hover_enabled=&#8220;off&#8220; button_two_text_size__hover_enabled=&#8220;off&#8220; button_text_color__hover_enabled=&#8220;off&#8220; button_one_text_color__hover_enabled=&#8220;off&#8220; button_two_text_color__hover_enabled=&#8220;off&#8220; button_border_width__hover_enabled=&#8220;off&#8220; button_one_border_width__hover_enabled=&#8220;off&#8220; button_two_border_width__hover_enabled=&#8220;off&#8220; button_border_color__hover_enabled=&#8220;off&#8220; button_one_border_color__hover_enabled=&#8220;off&#8220; button_two_border_color__hover_enabled=&#8220;off&#8220; button_border_radius__hover_enabled=&#8220;off&#8220; button_one_border_radius__hover_enabled=&#8220;off&#8220; button_two_border_radius__hover_enabled=&#8220;off&#8220; button_letter_spacing__hover_enabled=&#8220;off&#8220; button_one_letter_spacing__hover_enabled=&#8220;off&#8220; button_two_letter_spacing__hover_enabled=&#8220;off&#8220; button_bg_color__hover_enabled=&#8220;off&#8220; button_one_bg_color__hover_enabled=&#8220;off&#8220; button_two_bg_color__hover_enabled=&#8220;off&#8220; theme_builder_area=&#8220;post_content&#8220;][\/et_pb_contact_field][et_pb_contact_field field_id=&#8220;Nachname&#8220; field_title=&#8220;Nachname&#8220; _builder_version=&#8220;4.18.0&#8243; global_colors_info=&#8220;{}&#8220; button_text_size__hover_enabled=&#8220;off&#8220; button_one_text_size__hover_enabled=&#8220;off&#8220; button_two_text_size__hover_enabled=&#8220;off&#8220; button_text_color__hover_enabled=&#8220;off&#8220; button_one_text_color__hover_enabled=&#8220;off&#8220; button_two_text_color__hover_enabled=&#8220;off&#8220; button_border_width__hover_enabled=&#8220;off&#8220; button_one_border_width__hover_enabled=&#8220;off&#8220; button_two_border_width__hover_enabled=&#8220;off&#8220; button_border_color__hover_enabled=&#8220;off&#8220; button_one_border_color__hover_enabled=&#8220;off&#8220; button_two_border_color__hover_enabled=&#8220;off&#8220; button_border_radius__hover_enabled=&#8220;off&#8220; button_one_border_radius__hover_enabled=&#8220;off&#8220; button_two_border_radius__hover_enabled=&#8220;off&#8220; button_letter_spacing__hover_enabled=&#8220;off&#8220; button_one_letter_spacing__hover_enabled=&#8220;off&#8220; button_two_letter_spacing__hover_enabled=&#8220;off&#8220; button_bg_color__hover_enabled=&#8220;off&#8220; button_one_bg_color__hover_enabled=&#8220;off&#8220; button_two_bg_color__hover_enabled=&#8220;off&#8220; theme_builder_area=&#8220;post_content&#8220;][\/et_pb_contact_field][et_pb_contact_field field_id=&#8220;E-Mail&#8220; field_title=&#8220;E-Mail Adresse&#8220; field_type=&#8220;email&#8220; fullwidth_field=&#8220;on&#8220; _builder_version=&#8220;4.19.4&#8243; global_colors_info=&#8220;{}&#8220; button_text_size__hover_enabled=&#8220;off&#8220; button_one_text_size__hover_enabled=&#8220;off&#8220; button_two_text_size__hover_enabled=&#8220;off&#8220; button_text_color__hover_enabled=&#8220;off&#8220; button_one_text_color__hover_enabled=&#8220;off&#8220; button_two_text_color__hover_enabled=&#8220;off&#8220; button_border_width__hover_enabled=&#8220;off&#8220; button_one_border_width__hover_enabled=&#8220;off&#8220; button_two_border_width__hover_enabled=&#8220;off&#8220; button_border_color__hover_enabled=&#8220;off&#8220; button_one_border_color__hover_enabled=&#8220;off&#8220; button_two_border_color__hover_enabled=&#8220;off&#8220; button_border_radius__hover_enabled=&#8220;off&#8220; button_one_border_radius__hover_enabled=&#8220;off&#8220; button_two_border_radius__hover_enabled=&#8220;off&#8220; button_letter_spacing__hover_enabled=&#8220;off&#8220; button_one_letter_spacing__hover_enabled=&#8220;off&#8220; button_two_letter_spacing__hover_enabled=&#8220;off&#8220; button_bg_color__hover_enabled=&#8220;off&#8220; button_one_bg_color__hover_enabled=&#8220;off&#8220; button_two_bg_color__hover_enabled=&#8220;off&#8220; theme_builder_area=&#8220;post_content&#8220;][\/et_pb_contact_field][et_pb_contact_field field_id=&#8220;Telefon&#8220; field_title=&#8220;Telefon&#8220; fullwidth_field=&#8220;on&#8220; _builder_version=&#8220;4.18.0&#8243; _module_preset=&#8220;default&#8220; global_colors_info=&#8220;{}&#8220; theme_builder_area=&#8220;post_content&#8220;][\/et_pb_contact_field][et_pb_contact_field field_id=&#8220;Anliegen&#8220; field_title=&#8220;Ihr Anliegen&#8220; field_type=&#8220;text&#8220; fullwidth_field=&#8220;on&#8220; _builder_version=&#8220;4.18.0&#8243; global_colors_info=&#8220;{}&#8220; button_text_size__hover_enabled=&#8220;off&#8220; button_one_text_size__hover_enabled=&#8220;off&#8220; button_two_text_size__hover_enabled=&#8220;off&#8220; button_text_color__hover_enabled=&#8220;off&#8220; button_one_text_color__hover_enabled=&#8220;off&#8220; button_two_text_color__hover_enabled=&#8220;off&#8220; button_border_width__hover_enabled=&#8220;off&#8220; button_one_border_width__hover_enabled=&#8220;off&#8220; button_two_border_width__hover_enabled=&#8220;off&#8220; button_border_color__hover_enabled=&#8220;off&#8220; button_one_border_color__hover_enabled=&#8220;off&#8220; button_two_border_color__hover_enabled=&#8220;off&#8220; button_border_radius__hover_enabled=&#8220;off&#8220; button_one_border_radius__hover_enabled=&#8220;off&#8220; button_two_border_radius__hover_enabled=&#8220;off&#8220; button_letter_spacing__hover_enabled=&#8220;off&#8220; button_one_letter_spacing__hover_enabled=&#8220;off&#8220; button_two_letter_spacing__hover_enabled=&#8220;off&#8220; button_bg_color__hover_enabled=&#8220;off&#8220; button_one_bg_color__hover_enabled=&#8220;off&#8220; button_two_bg_color__hover_enabled=&#8220;off&#8220; theme_builder_area=&#8220;post_content&#8220;][\/et_pb_contact_field][et_pb_contact_field field_id=&#8220;Datenschutz&#8220; field_title=&#8220;Datenschutz&#8220; field_type=&#8220;checkbox&#8220; checkbox_options=&#8220;%91{%22value%22:%22Ich bin damit einverstanden, dass meine Angaben gespeichert werden und ich im Rahmen der Anfrage kontaktiert werde.%22,%22checked%22:0,%22dragID%22:-1,%22link_url%22:%22https:\/\/deine-physio-in-mockau.de\/datenschutz%22,%22link_text%22:%22Datenschutz%22}%93&#8243; fullwidth_field=&#8220;on&#8220; _builder_version=&#8220;4.19.4&#8243; _module_preset=&#8220;default&#8220; global_colors_info=&#8220;{}&#8220; theme_builder_area=&#8220;post_content&#8220;][\/et_pb_contact_field][\/et_pb_contact_form][\/et_pb_column][\/et_pb_row][\/et_pb_section]<\/p>\n","protected":false},"excerpt":{"rendered":"<p>Rufen Sie uns an: <a href=\"tel:+493416010043\">0341 60 100 43<\/a>\u00d6ffnungszeiten <p>&nbsp;<\/p>\n<table style=\"width: 100%;border-collapse: collapse\">\n<thead>\n<tr>\n<th style=\"text-align: left;padding: 8px;border-bottom: 1px solid #ccc\">Tag<\/th>\n<th style=\"text-align: left;padding: 8px;border-bottom: 1px solid #ccc\">\u00d6ffnungszeiten<\/th>\n<\/tr>\n<\/thead>\n<tbody>\n<tr>\n<td style=\"padding: 8px\">Montag<\/td>\n<td style=\"padding: 8px\">08:00 \u2013 13:30 Uhr<\/td>\n<\/tr>\n<tr>\n<td style=\"padding: 8px\">Dienstag<\/td>\n<td style=\"padding: 8px\">08:00 \u2013 13:00 Uhr &amp; 14:00 \u2013 19:00 Uhr<\/td>\n<\/tr>\n<tr>\n<td style=\"padding: 8px\">Mittwoch<\/td>\n<td style=\"padding: 8px\">08:00 \u2013 13:30 Uhr<\/td>\n<\/tr>\n<tr>\n<td style=\"padding: 8px\">Donnerstag<\/td>\n<td style=\"padding: 8px\">08:00 \u2013 13:00 Uhr &amp; 14:00 \u2013 19:00 Uhr<\/td>\n<\/tr>\n<tr>\n<td style=\"padding: 8px\">Freitag<\/td>\n<td style=\"padding: 8px\">08:00 \u2013 12:00 Uhr<\/td>\n<\/tr>\n<tr>\n<td style=\"padding: 8px\"><\/td>\n<td style=\"padding: 8px\"><em>+ nach Vereinbarung<\/em><\/td>\n<\/tr>\n<\/tbody>\n<\/table>\nPraxisadresse Mockauer Str. 51<br>04357 LeipzigSchreiben Sie uns:<\/p>\n","protected":false},"author":1,"featured_media":2713,"parent":0,"menu_order":0,"comment_status":"closed","ping_status":"closed","template":"","meta":{"_acf_changed":false,"_et_pb_use_builder":"on","_et_pb_old_content":"<h2>Sie m\u00f6chten noch mehr Details \u00fcber das Ferienhaus oder \u00fcber die Region erfahren?<\/h2>\r\n<h3>Gerne!<\/h3>\r\n\r\n<hr \/>\r\n\r\n<h5>Rufen Sie uns an:<\/h5>\r\n<strong>Familie Beck:<\/strong> <a href=\"tel:+49151701474498\">+49 151 70147498<\/a> (Anruf, WhatsApp oder SMS)\r\n\r\n<hr \/>\r\n\r\n<h5>Schreiben Sie uns:<\/h5>\r\n<h5>[super_form id=\"757\"]<\/h5>","_et_gb_content_width":"","footnotes":""},"categories":[],"tags":[],"difl_page_category":[],"class_list":["post-693","page","type-page","status-publish","has-post-thumbnail","hentry"],"acf":[],"yoast_head":"<!-- This site is optimized with the Yoast SEO plugin v26.6 - https:\/\/yoast.com\/wordpress\/plugins\/seo\/ -->\n<title>Kontakt - Deine Physio in Mockau<\/title>\n<meta name=\"robots\" content=\"index, follow, max-snippet:-1, max-image-preview:large, max-video-preview:-1\" \/>\n<link rel=\"canonical\" href=\"https:\/\/deine-physio-in-mockau.de\/?page_id=693\" \/>\n<meta property=\"og:locale\" content=\"de_DE\" \/>\n<meta property=\"og:type\" content=\"article\" \/>\n<meta property=\"og:title\" content=\"Kontakt - Deine Physio in Mockau\" \/>\n<meta property=\"og:description\" content=\"Rufen Sie uns an: \u00d6ffnungszeiten Praxisadresse Schreiben Sie uns:\" \/>\n<meta property=\"og:site_name\" content=\"Deine Physio in Mockau\" \/>\n<meta property=\"article:modified_time\" content=\"2023-01-17T07:44:50+00:00\" \/>\n<meta property=\"og:image\" content=\"https:\/\/deine-physio-in-mockau.de\/wp-content\/uploads\/2022\/08\/4_Urlaub-im-4-Sterne-Ferienhaus-mit-eigenem-Garten.jpg\" \/>\n\t<meta property=\"og:image:width\" content=\"2166\" \/>\n\t<meta property=\"og:image:height\" content=\"1384\" \/>\n\t<meta property=\"og:image:type\" content=\"image\/jpeg\" \/>\n<meta name=\"twitter:card\" content=\"summary_large_image\" \/>\n<meta name=\"twitter:label1\" content=\"Gesch\u00e4tzte Lesezeit\" \/>\n\t<meta name=\"twitter:data1\" content=\"2\u00a0Minuten\" \/>\n<!-- \/ Yoast SEO plugin. -->","yoast_head_json":{"title":"Kontakt - Deine Physio in Mockau","robots":{"index":"index","follow":"follow","max-snippet":"max-snippet:-1","max-image-preview":"max-image-preview:large","max-video-preview":"max-video-preview:-1"},"canonical":"https:\/\/deine-physio-in-mockau.de\/?page_id=693","og_locale":"de_DE","og_type":"article","og_title":"Kontakt - Deine Physio in Mockau","og_description":"Rufen Sie uns an: \u00d6ffnungszeiten Praxisadresse Schreiben Sie uns:","og_site_name":"Deine Physio in Mockau","article_modified_time":"2023-01-17T07:44:50+00:00","og_image":[{"width":2166,"height":1384,"url":"https:\/\/deine-physio-in-mockau.de\/wp-content\/uploads\/2022\/08\/4_Urlaub-im-4-Sterne-Ferienhaus-mit-eigenem-Garten.jpg","type":"image\/jpeg"}],"twitter_card":"summary_large_image","twitter_misc":{"Gesch\u00e4tzte Lesezeit":"2\u00a0Minuten"},"schema":{"@context":"https:\/\/schema.org","@graph":[{"@type":"WebPage","@id":"https:\/\/deine-physio-in-mockau.de\/?page_id=693","url":"https:\/\/deine-physio-in-mockau.de\/?page_id=693","name":"Kontakt - Deine Physio in Mockau","isPartOf":{"@id":"https:\/\/deine-physio-in-mockau.de\/#website"},"primaryImageOfPage":{"@id":"https:\/\/deine-physio-in-mockau.de\/?page_id=693#primaryimage"},"image":{"@id":"https:\/\/deine-physio-in-mockau.de\/?page_id=693#primaryimage"},"thumbnailUrl":"https:\/\/deine-physio-in-mockau.de\/wp-content\/uploads\/2022\/08\/4_Urlaub-im-4-Sterne-Ferienhaus-mit-eigenem-Garten.jpg","datePublished":"2021-10-10T08:52:54+00:00","dateModified":"2023-01-17T07:44:50+00:00","breadcrumb":{"@id":"https:\/\/deine-physio-in-mockau.de\/?page_id=693#breadcrumb"},"inLanguage":"de","potentialAction":[{"@type":"ReadAction","target":["https:\/\/deine-physio-in-mockau.de\/?page_id=693"]}]},{"@type":"ImageObject","inLanguage":"de","@id":"https:\/\/deine-physio-in-mockau.de\/?page_id=693#primaryimage","url":"https:\/\/deine-physio-in-mockau.de\/wp-content\/uploads\/2022\/08\/4_Urlaub-im-4-Sterne-Ferienhaus-mit-eigenem-Garten.jpg","contentUrl":"https:\/\/deine-physio-in-mockau.de\/wp-content\/uploads\/2022\/08\/4_Urlaub-im-4-Sterne-Ferienhaus-mit-eigenem-Garten.jpg","width":2166,"height":1384},{"@type":"BreadcrumbList","@id":"https:\/\/deine-physio-in-mockau.de\/?page_id=693#breadcrumb","itemListElement":[{"@type":"ListItem","position":1,"name":"Startseite","item":"https:\/\/deine-physio-in-mockau.de\/"},{"@type":"ListItem","position":2,"name":"Kontakt"}]},{"@type":"WebSite","@id":"https:\/\/deine-physio-in-mockau.de\/#website","url":"https:\/\/deine-physio-in-mockau.de\/","name":"Deine Physio in Mockau","description":"Physiotherapie Leipzig Melanie Ganzauge","potentialAction":[{"@type":"SearchAction","target":{"@type":"EntryPoint","urlTemplate":"https:\/\/deine-physio-in-mockau.de\/?s={search_term_string}"},"query-input":{"@type":"PropertyValueSpecification","valueRequired":true,"valueName":"search_term_string"}}],"inLanguage":"de"}]}},"_links":{"self":[{"href":"https:\/\/deine-physio-in-mockau.de\/index.php?rest_route=\/wp\/v2\/pages\/693","targetHints":{"allow":["GET"]}}],"collection":[{"href":"https:\/\/deine-physio-in-mockau.de\/index.php?rest_route=\/wp\/v2\/pages"}],"about":[{"href":"https:\/\/deine-physio-in-mockau.de\/index.php?rest_route=\/wp\/v2\/types\/page"}],"author":[{"embeddable":true,"href":"https:\/\/deine-physio-in-mockau.de\/index.php?rest_route=\/wp\/v2\/users\/1"}],"replies":[{"embeddable":true,"href":"https:\/\/deine-physio-in-mockau.de\/index.php?rest_route=%2Fwp%2Fv2%2Fcomments&post=693"}],"version-history":[{"count":5,"href":"https:\/\/deine-physio-in-mockau.de\/index.php?rest_route=\/wp\/v2\/pages\/693\/revisions"}],"predecessor-version":[{"id":3220,"href":"https:\/\/deine-physio-in-mockau.de\/index.php?rest_route=\/wp\/v2\/pages\/693\/revisions\/3220"}],"wp:featuredmedia":[{"embeddable":true,"href":"https:\/\/deine-physio-in-mockau.de\/index.php?rest_route=\/wp\/v2\/media\/2713"}],"wp:attachment":[{"href":"https:\/\/deine-physio-in-mockau.de\/index.php?rest_route=%2Fwp%2Fv2%2Fmedia&parent=693"}],"wp:term":[{"taxonomy":"category","embeddable":true,"href":"https:\/\/deine-physio-in-mockau.de\/index.php?rest_route=%2Fwp%2Fv2%2Fcategories&post=693"},{"taxonomy":"post_tag","embeddable":true,"href":"https:\/\/deine-physio-in-mockau.de\/index.php?rest_route=%2Fwp%2Fv2%2Ftags&post=693"},{"taxonomy":"difl_page_category","embeddable":true,"href":"https:\/\/deine-physio-in-mockau.de\/index.php?rest_route=%2Fwp%2Fv2%2Fdifl_page_category&post=693"}],"curies":[{"name":"wp","href":"https:\/\/api.w.org\/{rel}","templated":true}]}}