{"id":2944,"date":"2023-01-16T13:20:42","date_gmt":"2023-01-16T13:20:42","guid":{"rendered":"https:\/\/deine-physio-in-mockau.de\/?page_id=2944"},"modified":"2023-01-17T07:46:20","modified_gmt":"2023-01-17T07:46:20","slug":"cranio-sacrale-therapie","status":"publish","type":"page","link":"https:\/\/deine-physio-in-mockau.de\/?page_id=2944","title":{"rendered":"Cranio-Sacrale-Therapie"},"content":{"rendered":"<p>[et_pb_section fb_built=&#8220;1&#8243; _builder_version=&#8220;4.19.2&#8243; _module_preset=&#8220;e65d08af-7ba3-45d9-be84-e1a936a1a75c&#8220; global_colors_info=&#8220;{}&#8220; theme_builder_area=&#8220;post_content&#8220;][et_pb_row _builder_version=&#8220;4.19.2&#8243; _module_preset=&#8220;d9c2018a-b59b-49af-a111-8b947fd38a7f&#8220; global_colors_info=&#8220;{}&#8220; theme_builder_area=&#8220;post_content&#8220;][et_pb_column type=&#8220;4_4&#8243; _builder_version=&#8220;4.19.2&#8243; _module_preset=&#8220;default&#8220; global_colors_info=&#8220;{}&#8220; theme_builder_area=&#8220;post_content&#8220;][et_pb_text _builder_version=&#8220;4.19.2&#8243; _module_preset=&#8220;78120206-e9b5-4ae2-a5f3-c98430eaf49b&#8220; hover_enabled=&#8220;0&#8243; global_colors_info=&#8220;{}&#8220; theme_builder_area=&#8220;post_content&#8220; sticky_enabled=&#8220;0&#8243;]<\/p>\n<h2>Cranio-Sacrale-Therapie<\/h2>\n<p>Cranio-Sacrale-Therapie ist eine Form der manuellen Therapie, die sich auf die Behandlung von Dysfunktionen im Bereich des Sch\u00e4dels und des Kreuzbeins konzentriert. Es beinhaltet sanfte, manuelle Techniken, die auf die Sch\u00e4delknochen, das Kreuzbein und die Membranen, die diese Strukturen umgeben, angewendet werden, um die Beweglichkeit und Funktion dieser Bereiche zu verbessern.<\/p>\n<p>Cranio-Sacrale-Therapie wird angewendet bei Beschwerden wie Kopfschmerzen, Migr\u00e4ne, Schwindel, Nacken- und R\u00fcckenschmerzen, sowie Schlafst\u00f6rungen und Stress. Es kann auch helfen, die Heilung von Verletzungen und Erkrankungen im Bereich des Sch\u00e4dels und des Kreuzbeins zu unterst\u00fctzen.<\/p>\n<p>Cranio-Sacrale-Therapie wird von qualifizierten Therapeuten durchgef\u00fchrt und kann in Kombination mit anderen Therapieformen wie Manuelle Therapie, Physiotherapie und Krankengymnastik verwendet werden, um die bestm\u00f6glichen Ergebnisse zu erzielen. [\/et_pb_text][\/et_pb_column][\/et_pb_row][\/et_pb_section]<\/p>\n","protected":false},"excerpt":{"rendered":"<p>Cranio-Sacrale-Therapie Cranio-Sacrale-Therapie ist eine Form der manuellen Therapie, die sich auf die Behandlung von Dysfunktionen im Bereich des Sch\u00e4dels und des Kreuzbeins konzentriert. Es beinhaltet sanfte, manuelle Techniken, die auf die Sch\u00e4delknochen, das Kreuzbein und die Membranen, die diese Strukturen umgeben, angewendet werden, um die Beweglichkeit und Funktion dieser Bereiche zu verbessern. Cranio-Sacrale-Therapie wird angewendet [&hellip;]<\/p>\n","protected":false},"author":1,"featured_media":0,"parent":2814,"menu_order":0,"comment_status":"closed","ping_status":"closed","template":"","meta":{"_acf_changed":false,"_et_pb_use_builder":"on","_et_pb_old_content":"","_et_gb_content_width":"","footnotes":""},"categories":[14],"tags":[],"difl_page_category":[],"class_list":["post-2944","page","type-page","status-publish","hentry","category-allgemeine-leistungen"],"acf":[],"yoast_head":"<!-- This site is optimized with the Yoast SEO plugin v26.6 - https:\/\/yoast.com\/wordpress\/plugins\/seo\/ -->\n<title>Cranio-Sacrale-Therapie - Deine Physio in Mockau<\/title>\n<meta name=\"description\" content=\"\u2014Metabeschreibung nicht gesetzt.\" \/>\n<meta name=\"robots\" content=\"index, follow, max-snippet:-1, max-image-preview:large, max-video-preview:-1\" \/>\n<link rel=\"canonical\" href=\"https:\/\/deine-physio-in-mockau.de\/?page_id=2944\" \/>\n<meta property=\"og:locale\" content=\"de_DE\" \/>\n<meta property=\"og:type\" content=\"article\" \/>\n<meta property=\"og:title\" content=\"Cranio-Sacrale-Therapie - Deine Physio in Mockau\" \/>\n<meta property=\"og:description\" content=\"\u2014Metabeschreibung nicht gesetzt.\" \/>\n<meta property=\"og:site_name\" content=\"Deine Physio in Mockau\" \/>\n<meta property=\"article:modified_time\" content=\"2023-01-17T07:46:20+00:00\" \/>\n<meta name=\"twitter:card\" content=\"summary_large_image\" \/>\n<meta name=\"twitter:label1\" content=\"Gesch\u00e4tzte Lesezeit\" \/>\n\t<meta name=\"twitter:data1\" content=\"1\u00a0Minute\" \/>\n<!-- \/ Yoast SEO plugin. -->","yoast_head_json":{"title":"Cranio-Sacrale-Therapie - Deine Physio in Mockau","description":"\u2014Metabeschreibung nicht gesetzt.","robots":{"index":"index","follow":"follow","max-snippet":"max-snippet:-1","max-image-preview":"max-image-preview:large","max-video-preview":"max-video-preview:-1"},"canonical":"https:\/\/deine-physio-in-mockau.de\/?page_id=2944","og_locale":"de_DE","og_type":"article","og_title":"Cranio-Sacrale-Therapie - Deine Physio in Mockau","og_description":"\u2014Metabeschreibung nicht gesetzt.","og_site_name":"Deine Physio in Mockau","article_modified_time":"2023-01-17T07:46:20+00:00","twitter_card":"summary_large_image","twitter_misc":{"Gesch\u00e4tzte Lesezeit":"1\u00a0Minute"},"schema":{"@context":"https:\/\/schema.org","@graph":[{"@type":"WebPage","@id":"https:\/\/deine-physio-in-mockau.de\/?page_id=2944","url":"https:\/\/deine-physio-in-mockau.de\/?page_id=2944","name":"Cranio-Sacrale-Therapie - Deine Physio in Mockau","isPartOf":{"@id":"https:\/\/deine-physio-in-mockau.de\/#website"},"datePublished":"2023-01-16T13:20:42+00:00","dateModified":"2023-01-17T07:46:20+00:00","description":"\u2014Metabeschreibung nicht gesetzt.","breadcrumb":{"@id":"https:\/\/deine-physio-in-mockau.de\/?page_id=2944#breadcrumb"},"inLanguage":"de","potentialAction":[{"@type":"ReadAction","target":["https:\/\/deine-physio-in-mockau.de\/?page_id=2944"]}]},{"@type":"BreadcrumbList","@id":"https:\/\/deine-physio-in-mockau.de\/?page_id=2944#breadcrumb","itemListElement":[{"@type":"ListItem","position":1,"name":"Startseite","item":"https:\/\/deine-physio-in-mockau.de\/"},{"@type":"ListItem","position":2,"name":"Leistungen","item":"https:\/\/deine-physio-in-mockau.de\/?page_id=2814"},{"@type":"ListItem","position":3,"name":"Cranio-Sacrale-Therapie"}]},{"@type":"WebSite","@id":"https:\/\/deine-physio-in-mockau.de\/#website","url":"https:\/\/deine-physio-in-mockau.de\/","name":"Deine Physio in Mockau","description":"Physiotherapie Leipzig Melanie Ganzauge","potentialAction":[{"@type":"SearchAction","target":{"@type":"EntryPoint","urlTemplate":"https:\/\/deine-physio-in-mockau.de\/?s={search_term_string}"},"query-input":{"@type":"PropertyValueSpecification","valueRequired":true,"valueName":"search_term_string"}}],"inLanguage":"de"}]}},"_links":{"self":[{"href":"https:\/\/deine-physio-in-mockau.de\/index.php?rest_route=\/wp\/v2\/pages\/2944","targetHints":{"allow":["GET"]}}],"collection":[{"href":"https:\/\/deine-physio-in-mockau.de\/index.php?rest_route=\/wp\/v2\/pages"}],"about":[{"href":"https:\/\/deine-physio-in-mockau.de\/index.php?rest_route=\/wp\/v2\/types\/page"}],"author":[{"embeddable":true,"href":"https:\/\/deine-physio-in-mockau.de\/index.php?rest_route=\/wp\/v2\/users\/1"}],"replies":[{"embeddable":true,"href":"https:\/\/deine-physio-in-mockau.de\/index.php?rest_route=%2Fwp%2Fv2%2Fcomments&post=2944"}],"version-history":[{"count":2,"href":"https:\/\/deine-physio-in-mockau.de\/index.php?rest_route=\/wp\/v2\/pages\/2944\/revisions"}],"predecessor-version":[{"id":2946,"href":"https:\/\/deine-physio-in-mockau.de\/index.php?rest_route=\/wp\/v2\/pages\/2944\/revisions\/2946"}],"up":[{"embeddable":true,"href":"https:\/\/deine-physio-in-mockau.de\/index.php?rest_route=\/wp\/v2\/pages\/2814"}],"wp:attachment":[{"href":"https:\/\/deine-physio-in-mockau.de\/index.php?rest_route=%2Fwp%2Fv2%2Fmedia&parent=2944"}],"wp:term":[{"taxonomy":"category","embeddable":true,"href":"https:\/\/deine-physio-in-mockau.de\/index.php?rest_route=%2Fwp%2Fv2%2Fcategories&post=2944"},{"taxonomy":"post_tag","embeddable":true,"href":"https:\/\/deine-physio-in-mockau.de\/index.php?rest_route=%2Fwp%2Fv2%2Ftags&post=2944"},{"taxonomy":"difl_page_category","embeddable":true,"href":"https:\/\/deine-physio-in-mockau.de\/index.php?rest_route=%2Fwp%2Fv2%2Fdifl_page_category&post=2944"}],"curies":[{"name":"wp","href":"https:\/\/api.w.org\/{rel}","templated":true}]}}