{"id":2892,"date":"2023-01-16T12:41:17","date_gmt":"2023-01-16T12:41:17","guid":{"rendered":"https:\/\/deine-physio-in-mockau.de\/?page_id=2892"},"modified":"2023-01-16T12:43:00","modified_gmt":"2023-01-16T12:43:00","slug":"manuelle-lymphdrainage","status":"publish","type":"page","link":"https:\/\/deine-physio-in-mockau.de\/?page_id=2892","title":{"rendered":"Manuelle Lymphdrainage"},"content":{"rendered":"<p>[et_pb_section fb_built=&#8220;1&#8243; _builder_version=&#8220;4.19.2&#8243; _module_preset=&#8220;e65d08af-7ba3-45d9-be84-e1a936a1a75c&#8220; global_colors_info=&#8220;{}&#8220; theme_builder_area=&#8220;et_body_layout&#8220;][et_pb_row _builder_version=&#8220;4.19.2&#8243; _module_preset=&#8220;d9c2018a-b59b-49af-a111-8b947fd38a7f&#8220; global_colors_info=&#8220;{}&#8220; theme_builder_area=&#8220;et_body_layout&#8220;][et_pb_column type=&#8220;4_4&#8243; _builder_version=&#8220;4.19.2&#8243; _module_preset=&#8220;default&#8220; global_colors_info=&#8220;{}&#8220; theme_builder_area=&#8220;et_body_layout&#8220;][et_pb_text _builder_version=&#8220;4.19.2&#8243; _module_preset=&#8220;78120206-e9b5-4ae2-a5f3-c98430eaf49b&#8220; hover_enabled=&#8220;0&#8243; global_colors_info=&#8220;{}&#8220; theme_builder_area=&#8220;et_body_layout&#8220; sticky_enabled=&#8220;0&#8243;]<\/p>\n<h2>Manuelle Lymphdrainage<\/h2>\n<p>Die Manuelle Lymphdrainage ist eine sanfte Massagetechnik, die dazu dient, die Lymphfl\u00fcssigkeit im K\u00f6rper zu f\u00f6rdern und zu regulieren. Sie wird h\u00e4ufig bei Patienten mit Lymph\u00f6demen, Schwellungen und Stauungen sowie bei Patienten nach einer Operation oder Verletzung angewendet.<\/p>\n<p>Die Manuelle Lymphdrainage nutzt spezielle Griffe und Bewegungen, die dazu beitragen, die Lymphfl\u00fcssigkeit durch die Lymphgef\u00e4\u00dfe zu bef\u00f6rdern und die Entfernung von \u00fcbersch\u00fcssigem Wasser und Abfallstoffen aus dem Gewebe zu unterst\u00fctzen. Dies kann helfen, Schmerzen und Beschwerden zu lindern, die Durchblutung zu verbessern und die Heilung von Verletzungen und Erkrankungen zu unterst\u00fctzen.<\/p>\n<p>Die Manuelle Lymphdrainage wird von qualifizierten Physiotherapeuten durchgef\u00fchrt und ist eine sichere und wirksame Therapieform. Es ist jedoch wichtig zu beachten, dass es bestimmte Kontraindikationen gibt, bei denen die Manuelle Lymphdrainage nicht angewendet werden sollte, wie z.B. bei bestimmten Hauterkrankungen oder Infektionen.<\/p>\n<p>[\/et_pb_text][\/et_pb_column][\/et_pb_row][\/et_pb_section]<\/p>\n","protected":false},"excerpt":{"rendered":"<p>Manuelle Lymphdrainage Die Manuelle Lymphdrainage ist eine sanfte Massagetechnik, die dazu dient, die Lymphfl\u00fcssigkeit im K\u00f6rper zu f\u00f6rdern und zu regulieren. Sie wird h\u00e4ufig bei Patienten mit Lymph\u00f6demen, Schwellungen und Stauungen sowie bei Patienten nach einer Operation oder Verletzung angewendet. Die Manuelle Lymphdrainage nutzt spezielle Griffe und Bewegungen, die dazu beitragen, die Lymphfl\u00fcssigkeit durch die [&hellip;]<\/p>\n","protected":false},"author":1,"featured_media":0,"parent":2814,"menu_order":0,"comment_status":"closed","ping_status":"closed","template":"","meta":{"_acf_changed":false,"_et_pb_use_builder":"on","_et_pb_old_content":"","_et_gb_content_width":"","footnotes":""},"categories":[14],"tags":[],"difl_page_category":[],"class_list":["post-2892","page","type-page","status-publish","hentry","category-allgemeine-leistungen"],"acf":[],"yoast_head":"<!-- This site is optimized with the Yoast SEO plugin v26.6 - https:\/\/yoast.com\/wordpress\/plugins\/seo\/ -->\n<title>Manuelle Lymphdrainage - Deine Physio in Mockau<\/title>\n<meta name=\"robots\" content=\"index, follow, max-snippet:-1, max-image-preview:large, max-video-preview:-1\" \/>\n<link rel=\"canonical\" href=\"https:\/\/deine-physio-in-mockau.de\/?page_id=2892\" \/>\n<meta property=\"og:locale\" content=\"de_DE\" \/>\n<meta property=\"og:type\" content=\"article\" \/>\n<meta property=\"og:title\" content=\"Manuelle Lymphdrainage - Deine Physio in Mockau\" \/>\n<meta property=\"og:description\" content=\"Manuelle Lymphdrainage Die Manuelle Lymphdrainage ist eine sanfte Massagetechnik, die dazu dient, die Lymphfl\u00fcssigkeit im K\u00f6rper zu f\u00f6rdern und zu regulieren. Sie wird h\u00e4ufig bei Patienten mit Lymph\u00f6demen, Schwellungen und Stauungen sowie bei Patienten nach einer Operation oder Verletzung angewendet. Die Manuelle Lymphdrainage nutzt spezielle Griffe und Bewegungen, die dazu beitragen, die Lymphfl\u00fcssigkeit durch die [&hellip;]\" \/>\n<meta property=\"og:site_name\" content=\"Deine Physio in Mockau\" \/>\n<meta property=\"article:modified_time\" content=\"2023-01-16T12:43:00+00:00\" \/>\n<meta name=\"twitter:card\" content=\"summary_large_image\" \/>\n<!-- \/ Yoast SEO plugin. -->","yoast_head_json":{"title":"Manuelle Lymphdrainage - Deine Physio in Mockau","robots":{"index":"index","follow":"follow","max-snippet":"max-snippet:-1","max-image-preview":"max-image-preview:large","max-video-preview":"max-video-preview:-1"},"canonical":"https:\/\/deine-physio-in-mockau.de\/?page_id=2892","og_locale":"de_DE","og_type":"article","og_title":"Manuelle Lymphdrainage - Deine Physio in Mockau","og_description":"Manuelle Lymphdrainage Die Manuelle Lymphdrainage ist eine sanfte Massagetechnik, die dazu dient, die Lymphfl\u00fcssigkeit im K\u00f6rper zu f\u00f6rdern und zu regulieren. Sie wird h\u00e4ufig bei Patienten mit Lymph\u00f6demen, Schwellungen und Stauungen sowie bei Patienten nach einer Operation oder Verletzung angewendet. Die Manuelle Lymphdrainage nutzt spezielle Griffe und Bewegungen, die dazu beitragen, die Lymphfl\u00fcssigkeit durch die [&hellip;]","og_site_name":"Deine Physio in Mockau","article_modified_time":"2023-01-16T12:43:00+00:00","twitter_card":"summary_large_image","schema":{"@context":"https:\/\/schema.org","@graph":[{"@type":"WebPage","@id":"https:\/\/deine-physio-in-mockau.de\/?page_id=2892","url":"https:\/\/deine-physio-in-mockau.de\/?page_id=2892","name":"Manuelle Lymphdrainage - Deine Physio in Mockau","isPartOf":{"@id":"https:\/\/deine-physio-in-mockau.de\/#website"},"datePublished":"2023-01-16T12:41:17+00:00","dateModified":"2023-01-16T12:43:00+00:00","breadcrumb":{"@id":"https:\/\/deine-physio-in-mockau.de\/?page_id=2892#breadcrumb"},"inLanguage":"de","potentialAction":[{"@type":"ReadAction","target":["https:\/\/deine-physio-in-mockau.de\/?page_id=2892"]}]},{"@type":"BreadcrumbList","@id":"https:\/\/deine-physio-in-mockau.de\/?page_id=2892#breadcrumb","itemListElement":[{"@type":"ListItem","position":1,"name":"Startseite","item":"https:\/\/deine-physio-in-mockau.de\/"},{"@type":"ListItem","position":2,"name":"Leistungen","item":"https:\/\/deine-physio-in-mockau.de\/?page_id=2814"},{"@type":"ListItem","position":3,"name":"Manuelle Lymphdrainage"}]},{"@type":"WebSite","@id":"https:\/\/deine-physio-in-mockau.de\/#website","url":"https:\/\/deine-physio-in-mockau.de\/","name":"Deine Physio in Mockau","description":"Physiotherapie Leipzig Melanie Ganzauge","potentialAction":[{"@type":"SearchAction","target":{"@type":"EntryPoint","urlTemplate":"https:\/\/deine-physio-in-mockau.de\/?s={search_term_string}"},"query-input":{"@type":"PropertyValueSpecification","valueRequired":true,"valueName":"search_term_string"}}],"inLanguage":"de"}]}},"_links":{"self":[{"href":"https:\/\/deine-physio-in-mockau.de\/index.php?rest_route=\/wp\/v2\/pages\/2892","targetHints":{"allow":["GET"]}}],"collection":[{"href":"https:\/\/deine-physio-in-mockau.de\/index.php?rest_route=\/wp\/v2\/pages"}],"about":[{"href":"https:\/\/deine-physio-in-mockau.de\/index.php?rest_route=\/wp\/v2\/types\/page"}],"author":[{"embeddable":true,"href":"https:\/\/deine-physio-in-mockau.de\/index.php?rest_route=\/wp\/v2\/users\/1"}],"replies":[{"embeddable":true,"href":"https:\/\/deine-physio-in-mockau.de\/index.php?rest_route=%2Fwp%2Fv2%2Fcomments&post=2892"}],"version-history":[{"count":2,"href":"https:\/\/deine-physio-in-mockau.de\/index.php?rest_route=\/wp\/v2\/pages\/2892\/revisions"}],"predecessor-version":[{"id":2896,"href":"https:\/\/deine-physio-in-mockau.de\/index.php?rest_route=\/wp\/v2\/pages\/2892\/revisions\/2896"}],"up":[{"embeddable":true,"href":"https:\/\/deine-physio-in-mockau.de\/index.php?rest_route=\/wp\/v2\/pages\/2814"}],"wp:attachment":[{"href":"https:\/\/deine-physio-in-mockau.de\/index.php?rest_route=%2Fwp%2Fv2%2Fmedia&parent=2892"}],"wp:term":[{"taxonomy":"category","embeddable":true,"href":"https:\/\/deine-physio-in-mockau.de\/index.php?rest_route=%2Fwp%2Fv2%2Fcategories&post=2892"},{"taxonomy":"post_tag","embeddable":true,"href":"https:\/\/deine-physio-in-mockau.de\/index.php?rest_route=%2Fwp%2Fv2%2Ftags&post=2892"},{"taxonomy":"difl_page_category","embeddable":true,"href":"https:\/\/deine-physio-in-mockau.de\/index.php?rest_route=%2Fwp%2Fv2%2Fdifl_page_category&post=2892"}],"curies":[{"name":"wp","href":"https:\/\/api.w.org\/{rel}","templated":true}]}}