{"id":2879,"date":"2023-01-16T12:29:20","date_gmt":"2023-01-16T12:29:20","guid":{"rendered":"https:\/\/deine-physio-in-mockau.de\/?page_id=2879"},"modified":"2023-01-16T12:40:38","modified_gmt":"2023-01-16T12:40:38","slug":"manuelle-therapie","status":"publish","type":"page","link":"https:\/\/deine-physio-in-mockau.de\/?page_id=2879","title":{"rendered":"Manuelle Therapie"},"content":{"rendered":"<p>[et_pb_section fb_built=&#8220;1&#8243; _builder_version=&#8220;4.19.2&#8243; _module_preset=&#8220;e65d08af-7ba3-45d9-be84-e1a936a1a75c&#8220; global_colors_info=&#8220;{}&#8220; theme_builder_area=&#8220;et_body_layout&#8220;][et_pb_row _builder_version=&#8220;4.19.2&#8243; _module_preset=&#8220;d9c2018a-b59b-49af-a111-8b947fd38a7f&#8220; global_colors_info=&#8220;{}&#8220; theme_builder_area=&#8220;et_body_layout&#8220;][et_pb_column type=&#8220;4_4&#8243; _builder_version=&#8220;4.19.2&#8243; _module_preset=&#8220;default&#8220; global_colors_info=&#8220;{}&#8220; theme_builder_area=&#8220;et_body_layout&#8220;][et_pb_text _builder_version=&#8220;4.19.2&#8243; _module_preset=&#8220;78120206-e9b5-4ae2-a5f3-c98430eaf49b&#8220; hover_enabled=&#8220;0&#8243; global_colors_info=&#8220;{}&#8220; theme_builder_area=&#8220;et_body_layout&#8220; sticky_enabled=&#8220;0&#8243;]<\/p>\n<h2>Manuelle Therapie<\/h2>\n<p>Manuelle Therapie ist eine Form der Physiotherapie, bei der der Therapeut manuelle Techniken anwendet, um die Beweglichkeit und Funktion von Gelenken, Muskeln und Weichteilen zu verbessern.<\/p>\n<p>Dies beinhaltet h\u00e4ufig die Manipulation von Gelenken und Weichteilen, um Schmerzen und Beschwerden zu lindern.<\/p>\n<p>Die manuelle Therapie kann helfen, Schmerzen in Muskeln, Gelenken und Weichteilen zu lindern, die Beweglichkeit von Gelenken zu verbessern, die Muskelkraft zu erh\u00f6hen und die K\u00f6rperhaltung zu verbessern. Sie kann auch helfen, die Heilung von Verletzungen zu beschleunigen und die Funktionsf\u00e4higkeit des K\u00f6rpers insgesamt zu verbessern.<\/p>\n<p>Die manuelle Therapie wird h\u00e4ufig in der Orthop\u00e4die, Sportmedizin und Neurologie eingesetzt und kann in Kombination mit anderen Therapieformen wie Krankengymnastik und Physiotherapie verwendet werden, um die bestm\u00f6glichen Ergebnisse zu erzielen.<\/p>\n<p>[\/et_pb_text][\/et_pb_column][\/et_pb_row][\/et_pb_section]<\/p>\n","protected":false},"excerpt":{"rendered":"<p>Manuelle Therapie Manuelle Therapie ist eine Form der Physiotherapie, bei der der Therapeut manuelle Techniken anwendet, um die Beweglichkeit und Funktion von Gelenken, Muskeln und Weichteilen zu verbessern. Dies beinhaltet h\u00e4ufig die Manipulation von Gelenken und Weichteilen, um Schmerzen und Beschwerden zu lindern. Die manuelle Therapie kann helfen, Schmerzen in Muskeln, Gelenken und Weichteilen zu [&hellip;]<\/p>\n","protected":false},"author":1,"featured_media":0,"parent":2814,"menu_order":0,"comment_status":"closed","ping_status":"closed","template":"","meta":{"_acf_changed":false,"_et_pb_use_builder":"on","_et_pb_old_content":"","_et_gb_content_width":"","footnotes":""},"categories":[14],"tags":[],"difl_page_category":[],"class_list":["post-2879","page","type-page","status-publish","hentry","category-allgemeine-leistungen"],"acf":[],"yoast_head":"<!-- This site is optimized with the Yoast SEO plugin v26.6 - https:\/\/yoast.com\/wordpress\/plugins\/seo\/ -->\n<title>Manuelle Therapie - Deine Physio in Mockau<\/title>\n<meta name=\"description\" content=\"\u2014Metabeschreibung nicht gesetzt.\" \/>\n<meta name=\"robots\" content=\"index, follow, max-snippet:-1, max-image-preview:large, max-video-preview:-1\" \/>\n<link rel=\"canonical\" href=\"https:\/\/deine-physio-in-mockau.de\/?page_id=2879\" \/>\n<meta property=\"og:locale\" content=\"de_DE\" \/>\n<meta property=\"og:type\" content=\"article\" \/>\n<meta property=\"og:title\" content=\"Manuelle Therapie - Deine Physio in Mockau\" \/>\n<meta property=\"og:description\" content=\"\u2014Metabeschreibung nicht gesetzt.\" \/>\n<meta property=\"og:site_name\" content=\"Deine Physio in Mockau\" \/>\n<meta property=\"article:modified_time\" content=\"2023-01-16T12:40:38+00:00\" \/>\n<meta name=\"twitter:card\" content=\"summary_large_image\" \/>\n<!-- \/ Yoast SEO plugin. -->","yoast_head_json":{"title":"Manuelle Therapie - Deine Physio in Mockau","description":"\u2014Metabeschreibung nicht gesetzt.","robots":{"index":"index","follow":"follow","max-snippet":"max-snippet:-1","max-image-preview":"max-image-preview:large","max-video-preview":"max-video-preview:-1"},"canonical":"https:\/\/deine-physio-in-mockau.de\/?page_id=2879","og_locale":"de_DE","og_type":"article","og_title":"Manuelle Therapie - Deine Physio in Mockau","og_description":"\u2014Metabeschreibung nicht gesetzt.","og_site_name":"Deine Physio in Mockau","article_modified_time":"2023-01-16T12:40:38+00:00","twitter_card":"summary_large_image","schema":{"@context":"https:\/\/schema.org","@graph":[{"@type":"WebPage","@id":"https:\/\/deine-physio-in-mockau.de\/?page_id=2879","url":"https:\/\/deine-physio-in-mockau.de\/?page_id=2879","name":"Manuelle Therapie - Deine Physio in Mockau","isPartOf":{"@id":"https:\/\/deine-physio-in-mockau.de\/#website"},"datePublished":"2023-01-16T12:29:20+00:00","dateModified":"2023-01-16T12:40:38+00:00","description":"\u2014Metabeschreibung nicht gesetzt.","breadcrumb":{"@id":"https:\/\/deine-physio-in-mockau.de\/?page_id=2879#breadcrumb"},"inLanguage":"de","potentialAction":[{"@type":"ReadAction","target":["https:\/\/deine-physio-in-mockau.de\/?page_id=2879"]}]},{"@type":"BreadcrumbList","@id":"https:\/\/deine-physio-in-mockau.de\/?page_id=2879#breadcrumb","itemListElement":[{"@type":"ListItem","position":1,"name":"Startseite","item":"https:\/\/deine-physio-in-mockau.de\/"},{"@type":"ListItem","position":2,"name":"Leistungen","item":"https:\/\/deine-physio-in-mockau.de\/?page_id=2814"},{"@type":"ListItem","position":3,"name":"Manuelle Therapie"}]},{"@type":"WebSite","@id":"https:\/\/deine-physio-in-mockau.de\/#website","url":"https:\/\/deine-physio-in-mockau.de\/","name":"Deine Physio in Mockau","description":"Physiotherapie Leipzig Melanie Ganzauge","potentialAction":[{"@type":"SearchAction","target":{"@type":"EntryPoint","urlTemplate":"https:\/\/deine-physio-in-mockau.de\/?s={search_term_string}"},"query-input":{"@type":"PropertyValueSpecification","valueRequired":true,"valueName":"search_term_string"}}],"inLanguage":"de"}]}},"_links":{"self":[{"href":"https:\/\/deine-physio-in-mockau.de\/index.php?rest_route=\/wp\/v2\/pages\/2879","targetHints":{"allow":["GET"]}}],"collection":[{"href":"https:\/\/deine-physio-in-mockau.de\/index.php?rest_route=\/wp\/v2\/pages"}],"about":[{"href":"https:\/\/deine-physio-in-mockau.de\/index.php?rest_route=\/wp\/v2\/types\/page"}],"author":[{"embeddable":true,"href":"https:\/\/deine-physio-in-mockau.de\/index.php?rest_route=\/wp\/v2\/users\/1"}],"replies":[{"embeddable":true,"href":"https:\/\/deine-physio-in-mockau.de\/index.php?rest_route=%2Fwp%2Fv2%2Fcomments&post=2879"}],"version-history":[{"count":3,"href":"https:\/\/deine-physio-in-mockau.de\/index.php?rest_route=\/wp\/v2\/pages\/2879\/revisions"}],"predecessor-version":[{"id":2888,"href":"https:\/\/deine-physio-in-mockau.de\/index.php?rest_route=\/wp\/v2\/pages\/2879\/revisions\/2888"}],"up":[{"embeddable":true,"href":"https:\/\/deine-physio-in-mockau.de\/index.php?rest_route=\/wp\/v2\/pages\/2814"}],"wp:attachment":[{"href":"https:\/\/deine-physio-in-mockau.de\/index.php?rest_route=%2Fwp%2Fv2%2Fmedia&parent=2879"}],"wp:term":[{"taxonomy":"category","embeddable":true,"href":"https:\/\/deine-physio-in-mockau.de\/index.php?rest_route=%2Fwp%2Fv2%2Fcategories&post=2879"},{"taxonomy":"post_tag","embeddable":true,"href":"https:\/\/deine-physio-in-mockau.de\/index.php?rest_route=%2Fwp%2Fv2%2Ftags&post=2879"},{"taxonomy":"difl_page_category","embeddable":true,"href":"https:\/\/deine-physio-in-mockau.de\/index.php?rest_route=%2Fwp%2Fv2%2Fdifl_page_category&post=2879"}],"curies":[{"name":"wp","href":"https:\/\/api.w.org\/{rel}","templated":true}]}}